{"id":2722416,"date":"2022-11-01T08:32:05","date_gmt":"2022-11-01T12:32:05","guid":{"rendered":"https:\/\/www.amom.net\/privacy-policy\/"},"modified":"2023-11-29T11:56:59","modified_gmt":"2023-11-29T16:56:59","slug":"privacy-policy","status":"publish","type":"page","link":"https:\/\/www.amom.net\/en\/privacy-policy\/","title":{"rendered":"Privacy policy"},"content":{"rendered":"\t\t<div data-elementor-type=\"wp-page\" data-elementor-id=\"2722416\" class=\"elementor elementor-2722416 elementor-674\" data-elementor-post-type=\"page\">\n\t\t\t\t\t\t<section data-particle_enable=\"false\" data-particle-mobile-disabled=\"false\" class=\"elementor-section elementor-top-section elementor-element elementor-element-2d748a4 elementor-section-boxed elementor-section-height-default elementor-section-height-default\" data-id=\"2d748a4\" data-element_type=\"section\" data-settings=\"{&quot;background_background&quot;:&quot;classic&quot;}\">\n\t\t\t\t\t\t<div class=\"elementor-container elementor-column-gap-default\">\n\t\t\t\t\t<div class=\"elementor-column elementor-col-100 elementor-top-column elementor-element elementor-element-9a64585\" data-id=\"9a64585\" data-element_type=\"column\">\n\t\t\t<div class=\"elementor-widget-wrap elementor-element-populated\">\n\t\t\t\t\n\n\n\n\t\t<div class=\"elementor-element elementor-element-92f6252 ColorWrapper ColorWrapper--nobg Spacer--full elementor-widget elementor-widget-spacer_oktane\" data-id=\"92f6252\" data-element_type=\"widget\" data-widget_type=\"spacer_oktane.default\">\n\t\t\t\t<div class=\"elementor-widget-container\">\n\t\t\t\t\t    <div class=\"page-section\">\n        <div class=\"Spacer\"><\/div>\n    <\/div>\n    \n    \t\t\t\t<\/div>\n\t\t\t\t<\/div>\n\t\t\t\t<div class=\"elementor-element elementor-element-efe71ed elementor-widget elementor-widget-wysiwyg_oktane\" data-id=\"efe71ed\" data-element_type=\"widget\" data-widget_type=\"wysiwyg_oktane.default\">\n\t\t\t\t<div class=\"elementor-widget-container\">\n\t\t\t\t\t\t\t<div class=\"wysiwyg\"\n        >\n            <div class=\"page-section page-section__wrapper\">\n                <div class=\"wysiwyg__wrapper\">\n                    <div class=\"wysiwyg__content wp-content\">\n                        <p>Last updated: September 1, 2023<\/p><p>Respect of your privacy is important to Association des m\u00e9decins omnipraticiens de Montr\u00e9al (hereinafter \u201cwe\u201d) and this Privacy Policy (hereinafter \u201cthe Policy\u201d) is intended to inform you about:<\/p><ul><li>How we collect, use, and disclose your personal information and the purposes for which it is used;<\/li><li>Your rights regarding this information;<\/li><li>Site policy regarding the use of cookies;<\/li><li>The person responsible for personal information for this site.<\/li><\/ul><p>\u00a0<\/p><h3>Data collected on this site<\/h3><p>Definition of personal information: Any information that can identify you, including first and last name, age, telephone number, mailing address, e-mail address, IP address, etc.<\/p><p><strong>On this site, we may collect your data through:<\/strong><\/p><ul><li>Miscellaneous forms, e.g. contact forms, job application forms, registration forms, purchase forms, etc.;<\/li><li>Third-party tools such as Google Analytics, Google Tag Manager, Facebook, etc.<\/li><\/ul><p>\u00a0<br \/>When filling out a form on this site, you are agreeing that we can communicate with you by e-mail and other means to provide you with information that we deem relevant.<\/p><p><strong>On this site, we may collect the following data about you:<\/strong><\/p><ul><li>Personal information that you voluntarily provide by filling out a form on our website, such as first and last name, telephone, e-mail, company name, etc.;<\/li><li>Personal information included in any document related to sending attachments;<\/li><li>Data collected through contests, surveys, chat tool, newsletter registration, etc.;<\/li><li>Data collected by tools such as Google Analytics, Google Tag Manager, Facebook, etc.<\/li><\/ul><p>\u00a0<br \/><strong>We use information collected through this site for the following purposes:<\/strong><\/p><ul><li>To follow up on information requests;<\/li><li>To follow up on job applications;<\/li><li>To improve our services;<\/li><li>For marketing and market analysis purposes;<\/li><li>To target needs and preferences.<\/li><\/ul><p>\u00a0<br \/>This data may also be used for other purposes with your consent.<\/p><p>\u00a0<\/p><h3>Security of your personal information<\/h3><ul><li>The personal information collected on this site shall not be transmitted to third parties and shall only be processed by us.<\/li><li>The personal information shall be stored on this site\u2019s IT systems under proper security conditions.<\/li><li>The personal information collected and processed shall remain hosted solely in Canada.<\/li><\/ul><p>\u00a0<\/p><p>We are committed to maintaining the highest levels of confidentiality of your personal information by integrating the latest technological innovations in security.<br \/>Should there be a security breach, we will take the necessary steps to limit all potential impacts.<\/p><p>\u00a0<\/p><h3>Rights of access, rectification, and deletion of your personal information<\/h3><p>You may read, update, modify, or request the deletion of your personal information through written request to the person responsible for personal information.<\/p><p>\u00a0<\/p><h3>Use of cookies and other technologies to collect personal information<\/h3><p>This website uses cookies to provide the services and features that it offers and to improve the user experience. By visiting this website and using its services, you understand that personal information is processed and you accept this in accordance with our privacy policy, namely the deposit of third party cookies intended to offer you personalized search, videos, sharing buttons, content feeds from social platforms, etc. We respect your privacy and your right to control your personal information. We are transparent about the data we collect and the reasons for doing so.<\/p><p><strong>This website uses cookies for the following purposes:<\/strong><\/p><ul><li>Website use: Recognize your browser as a previous visitor and save preferences you made during previous visits to this site.<\/li><li>Social media: Verify if you are connected to third-party services (Facebook, Twitter, LinkedIn, Instagram, etc.).<\/li><li>Targeting: Allow targeting (e-mail, data enrichment) a posteriori or in real time of the user navigating on this site.<\/li><li>Audience measurement: Track statistical data on use of this site (i.e. use of this site by users to improve its services) to help measure and study the effectiveness of interactive online content, its characteristics, advertisements, and other communications.<\/li><\/ul><p><strong>Definition of cookies <\/strong><\/p><p>Cookies are data stored in files within the browser on your computer, tablet, or smartphone.<br \/>Cookies are used to recognize a browser as they are accessible to and recorded by the websites that you visit and by third parties who display advertisements on websites.<\/p><p>Websites can only access cookies that have been stored on your computer, tablet, or smartphone. These cookies can be disabled at any time (method depending on browser and version). If you delete or disable the cookies from this website, you may experience interruptions or issues accessing the site.<\/p><p><strong>Configuration for cookies and web tags<\/strong><\/p><p>You may configure your browser for the following actions:<\/p><ul><li>Accept all cookies;<\/li><li>Reject all cookies;<\/li><li>Be informed when cookies are issued, including their validity period and content, and allow for refusal of them being saved on your computer, tablet, or smartphone;<\/li><li>Delete cookies periodically.<\/li><\/ul><p>\u00a0<\/p><h3>Contact details for the person responsible for this Privacy Policy and personal information management<\/h3><p>For questions or comments about this policy or to make a request regarding personal information collected through our website, you may contact the person responsible for this file by telephone, e-mail, or mail:<\/p><p>Ms. Aline Sabbagh, Executive Assistant, Association des m\u00e9decins omnipraticiens de Montr\u00e9al<br \/>Tel. : 514 878-9219<br \/>E-mail : <a href=\"mailto:asabbagh@amom.net\">asabbagh@amom.net<\/a><br \/>Mail : Association des m\u00e9decins omnipraticiens de Montr\u00e9al<br \/>C\/O Aline Sabbagh<br \/>2, Place Alexis Nihon<br \/>3500, boul. De Maisonneuve Ouest<br \/>Bureau 2000<br \/>Westmount (Qu\u00e9bec)<br \/>H3Z 3C1<\/p>                    <\/div>\n                <\/div>\n            <\/div>\n\t\t<\/div>\n\t\t\t\t\t\t<\/div>\n\t\t\t\t<\/div>\n\t\t\t\t\t<\/div>\n\t\t<\/div>\n\t\t\t\t\t<\/div>\n\t\t<\/section>\n\t\t\t\t<\/div>\n\t\t","protected":false},"excerpt":{"rendered":"<p>Last updated: September 1, 2023 Respect of your privacy is important to Association des m\u00e9decins omnipraticiens de Montr\u00e9al (hereinafter \u201cwe\u201d) and this Privacy Policy (hereinafter \u201cthe Policy\u201d) is intended to inform you about: How we collect, use, and disclose your personal information and the purposes for which it is used; Your rights regarding this information; [&hellip;]<\/p>\n","protected":false},"author":1,"featured_media":0,"parent":0,"menu_order":0,"comment_status":"closed","ping_status":"closed","template":"","meta":{"_acf_changed":false,"footnotes":""},"class_list":["post-2722416","page","type-page","status-publish","hentry"],"acf":[],"yoast_head":"<!-- This site is optimized with the Yoast SEO plugin v26.8 - https:\/\/yoast.com\/product\/yoast-seo-wordpress\/ -->\n<title>Privacy policy - Association des m\u00e9decins omnipraticiens de Montr\u00e9al<\/title>\n<meta name=\"robots\" content=\"index, follow, max-snippet:-1, max-image-preview:large, max-video-preview:-1\" \/>\n<link rel=\"canonical\" href=\"https:\/\/www.amom.net\/en\/privacy-policy\/\" \/>\n<meta property=\"og:locale\" content=\"en_US\" \/>\n<meta property=\"og:type\" content=\"article\" \/>\n<meta property=\"og:title\" content=\"Privacy policy - Association des m\u00e9decins omnipraticiens de Montr\u00e9al\" \/>\n<meta property=\"og:description\" content=\"Last updated: September 1, 2023 Respect of your privacy is important to Association des m\u00e9decins omnipraticiens de Montr\u00e9al (hereinafter \u201cwe\u201d) and this Privacy Policy (hereinafter \u201cthe Policy\u201d) is intended to inform you about: How we collect, use, and disclose your personal information and the purposes for which it is used; Your rights regarding this information; [&hellip;]\" \/>\n<meta property=\"og:url\" content=\"https:\/\/www.amom.net\/en\/privacy-policy\/\" \/>\n<meta property=\"og:site_name\" content=\"Association des m\u00e9decins omnipraticiens de Montr\u00e9al\" \/>\n<meta property=\"article:publisher\" content=\"https:\/\/www.facebook.com\/profile.php?id=100064821276218\" \/>\n<meta property=\"article:modified_time\" content=\"2023-11-29T16:56:59+00:00\" \/>\n<meta property=\"og:image\" content=\"https:\/\/www.amom.net\/wp-content\/uploads\/2023\/12\/logo-amom.jpg\" \/>\n\t<meta property=\"og:image:width\" content=\"482\" \/>\n\t<meta property=\"og:image:height\" content=\"239\" \/>\n\t<meta property=\"og:image:type\" content=\"image\/jpeg\" \/>\n<meta name=\"twitter:card\" content=\"summary_large_image\" \/>\n<meta name=\"twitter:label1\" content=\"Est. reading time\" \/>\n\t<meta name=\"twitter:data1\" content=\"4 minutes\" \/>\n<script type=\"application\/ld+json\" class=\"yoast-schema-graph\">{\"@context\":\"https:\/\/schema.org\",\"@graph\":[{\"@type\":\"WebPage\",\"@id\":\"https:\/\/www.amom.net\/en\/privacy-policy\/\",\"url\":\"https:\/\/www.amom.net\/en\/privacy-policy\/\",\"name\":\"Privacy policy - Association des m\u00e9decins omnipraticiens de Montr\u00e9al\",\"isPartOf\":{\"@id\":\"https:\/\/www.amom.net\/#website\"},\"datePublished\":\"2022-11-01T12:32:05+00:00\",\"dateModified\":\"2023-11-29T16:56:59+00:00\",\"breadcrumb\":{\"@id\":\"https:\/\/www.amom.net\/en\/privacy-policy\/#breadcrumb\"},\"inLanguage\":\"en-US\",\"potentialAction\":[{\"@type\":\"ReadAction\",\"target\":[\"https:\/\/www.amom.net\/en\/privacy-policy\/\"]}]},{\"@type\":\"BreadcrumbList\",\"@id\":\"https:\/\/www.amom.net\/en\/privacy-policy\/#breadcrumb\",\"itemListElement\":[{\"@type\":\"ListItem\",\"position\":1,\"name\":\"Accueil\",\"item\":\"https:\/\/www.amom.net\/\"},{\"@type\":\"ListItem\",\"position\":2,\"name\":\"Privacy policy\"}]},{\"@type\":\"WebSite\",\"@id\":\"https:\/\/www.amom.net\/#website\",\"url\":\"https:\/\/www.amom.net\/\",\"name\":\"Association des m\u00e9decins omnipraticiens de Montr\u00e9al\",\"description\":\"\",\"publisher\":{\"@id\":\"https:\/\/www.amom.net\/#organization\"},\"potentialAction\":[{\"@type\":\"SearchAction\",\"target\":{\"@type\":\"EntryPoint\",\"urlTemplate\":\"https:\/\/www.amom.net\/?s={search_term_string}\"},\"query-input\":{\"@type\":\"PropertyValueSpecification\",\"valueRequired\":true,\"valueName\":\"search_term_string\"}}],\"inLanguage\":\"en-US\"},{\"@type\":\"Organization\",\"@id\":\"https:\/\/www.amom.net\/#organization\",\"name\":\"Association des m\u00e9decins omnipraticiens de Montr\u00e9al\",\"url\":\"https:\/\/www.amom.net\/\",\"logo\":{\"@type\":\"ImageObject\",\"inLanguage\":\"en-US\",\"@id\":\"https:\/\/www.amom.net\/#\/schema\/logo\/image\/\",\"url\":\"https:\/\/www.amom.net\/wp-content\/uploads\/2023\/09\/logo-amom-1.svg\",\"contentUrl\":\"https:\/\/www.amom.net\/wp-content\/uploads\/2023\/09\/logo-amom-1.svg\",\"width\":281,\"height\":129,\"caption\":\"Association des m\u00e9decins omnipraticiens de Montr\u00e9al\"},\"image\":{\"@id\":\"https:\/\/www.amom.net\/#\/schema\/logo\/image\/\"},\"sameAs\":[\"https:\/\/www.facebook.com\/profile.php?id=100064821276218\"]}]}<\/script>\n<!-- \/ Yoast SEO plugin. -->","yoast_head_json":{"title":"Privacy policy - Association des m\u00e9decins omnipraticiens de Montr\u00e9al","robots":{"index":"index","follow":"follow","max-snippet":"max-snippet:-1","max-image-preview":"max-image-preview:large","max-video-preview":"max-video-preview:-1"},"canonical":"https:\/\/www.amom.net\/en\/privacy-policy\/","og_locale":"en_US","og_type":"article","og_title":"Privacy policy - Association des m\u00e9decins omnipraticiens de Montr\u00e9al","og_description":"Last updated: September 1, 2023 Respect of your privacy is important to Association des m\u00e9decins omnipraticiens de Montr\u00e9al (hereinafter \u201cwe\u201d) and this Privacy Policy (hereinafter \u201cthe Policy\u201d) is intended to inform you about: How we collect, use, and disclose your personal information and the purposes for which it is used; Your rights regarding this information; [&hellip;]","og_url":"https:\/\/www.amom.net\/en\/privacy-policy\/","og_site_name":"Association des m\u00e9decins omnipraticiens de Montr\u00e9al","article_publisher":"https:\/\/www.facebook.com\/profile.php?id=100064821276218","article_modified_time":"2023-11-29T16:56:59+00:00","og_image":[{"width":482,"height":239,"url":"https:\/\/www.amom.net\/wp-content\/uploads\/2023\/12\/logo-amom.jpg","type":"image\/jpeg"}],"twitter_card":"summary_large_image","twitter_misc":{"Est. reading time":"4 minutes"},"schema":{"@context":"https:\/\/schema.org","@graph":[{"@type":"WebPage","@id":"https:\/\/www.amom.net\/en\/privacy-policy\/","url":"https:\/\/www.amom.net\/en\/privacy-policy\/","name":"Privacy policy - Association des m\u00e9decins omnipraticiens de Montr\u00e9al","isPartOf":{"@id":"https:\/\/www.amom.net\/#website"},"datePublished":"2022-11-01T12:32:05+00:00","dateModified":"2023-11-29T16:56:59+00:00","breadcrumb":{"@id":"https:\/\/www.amom.net\/en\/privacy-policy\/#breadcrumb"},"inLanguage":"en-US","potentialAction":[{"@type":"ReadAction","target":["https:\/\/www.amom.net\/en\/privacy-policy\/"]}]},{"@type":"BreadcrumbList","@id":"https:\/\/www.amom.net\/en\/privacy-policy\/#breadcrumb","itemListElement":[{"@type":"ListItem","position":1,"name":"Accueil","item":"https:\/\/www.amom.net\/"},{"@type":"ListItem","position":2,"name":"Privacy policy"}]},{"@type":"WebSite","@id":"https:\/\/www.amom.net\/#website","url":"https:\/\/www.amom.net\/","name":"Association des m\u00e9decins omnipraticiens de Montr\u00e9al","description":"","publisher":{"@id":"https:\/\/www.amom.net\/#organization"},"potentialAction":[{"@type":"SearchAction","target":{"@type":"EntryPoint","urlTemplate":"https:\/\/www.amom.net\/?s={search_term_string}"},"query-input":{"@type":"PropertyValueSpecification","valueRequired":true,"valueName":"search_term_string"}}],"inLanguage":"en-US"},{"@type":"Organization","@id":"https:\/\/www.amom.net\/#organization","name":"Association des m\u00e9decins omnipraticiens de Montr\u00e9al","url":"https:\/\/www.amom.net\/","logo":{"@type":"ImageObject","inLanguage":"en-US","@id":"https:\/\/www.amom.net\/#\/schema\/logo\/image\/","url":"https:\/\/www.amom.net\/wp-content\/uploads\/2023\/09\/logo-amom-1.svg","contentUrl":"https:\/\/www.amom.net\/wp-content\/uploads\/2023\/09\/logo-amom-1.svg","width":281,"height":129,"caption":"Association des m\u00e9decins omnipraticiens de Montr\u00e9al"},"image":{"@id":"https:\/\/www.amom.net\/#\/schema\/logo\/image\/"},"sameAs":["https:\/\/www.facebook.com\/profile.php?id=100064821276218"]}]}},"_links":{"self":[{"href":"https:\/\/www.amom.net\/en\/wp-json\/wp\/v2\/pages\/2722416","targetHints":{"allow":["GET"]}}],"collection":[{"href":"https:\/\/www.amom.net\/en\/wp-json\/wp\/v2\/pages"}],"about":[{"href":"https:\/\/www.amom.net\/en\/wp-json\/wp\/v2\/types\/page"}],"author":[{"embeddable":true,"href":"https:\/\/www.amom.net\/en\/wp-json\/wp\/v2\/users\/1"}],"replies":[{"embeddable":true,"href":"https:\/\/www.amom.net\/en\/wp-json\/wp\/v2\/comments?post=2722416"}],"version-history":[{"count":0,"href":"https:\/\/www.amom.net\/en\/wp-json\/wp\/v2\/pages\/2722416\/revisions"}],"wp:attachment":[{"href":"https:\/\/www.amom.net\/en\/wp-json\/wp\/v2\/media?parent=2722416"}],"curies":[{"name":"wp","href":"https:\/\/api.w.org\/{rel}","templated":true}]}}