{"id":2723648,"date":"2023-12-20T10:45:52","date_gmt":"2023-12-20T15:45:52","guid":{"rendered":"https:\/\/www.amom.net\/?post_type=product&#038;p=2723648"},"modified":"2024-02-02T11:28:21","modified_gmt":"2024-02-02T16:28:21","slug":"le-patient-masque-faire-la-lumiere-sur-les-complications-cardiorenales-du-diabete-de-type-2-cem-291-i-lapnee-du-sommeil-dans-un-contexte-cardio-metabolique","status":"publish","type":"product","link":"https:\/\/www.amom.net\/en\/formations\/le-patient-masque-faire-la-lumiere-sur-les-complications-cardiorenales-du-diabete-de-type-2-cem-291-i-lapnee-du-sommeil-dans-un-contexte-cardio-metabolique\/","title":{"rendered":"88798 &#8211; Le patient masqu\u00e9 &#8211; Faire la lumi\u00e8re sur les complications cardior\u00e9nales du diab\u00e8te de type-2 (CEM-291) I L&#8217;apn\u00e9e du sommeil dans un contexte cardio-m\u00e9tabolique"},"content":{"rendered":"<h2>Registration<\/h2>\n<p style=\"text-align: left;\">IT IS IMPORTANT TO REGISTER ONLINE TO ATTEND THE IN-PERSON TRAINING.\u00a0 <em><strong>Technical support cannot be guaranteed within 24 hours of the conference date. We kindly ask you to register in advance to ensure smooth participation in the event.<\/strong><\/em><\/p>\n<p style=\"text-align: left;\">AMOM recommends that all participants adhere to provincial health guidelines related to the COVID-19 pandemic. Participants acknowledge and accept the potential health risks associated with in-person participation and understand that they are solely responsible for assessing their own health status and taking appropriate safety measures based on their situation.<\/p>\n<h2>Consent<\/h2>\n<p style=\"text-align: left;\">A list of attendees may be sent to the pharmaceutical company after the activity, if requested. By registering, the physician and\/or any other healthcare professional consent to their name and surname being disclosed to the pharmaceutical company.<\/p>\n<p style=\"text-align: left;\">The pharmaceutical company undertakes not to disclose this information without the participant&#8217;s consent.<\/p>\n<p style=\"text-align: left;\">If you do not wish to have your name and surname disclosed, please write to Mrs. Lyne Fontaine at <a href=\"fmc@amom.net\">fmc@amom.net<\/a>, indicating the activity number.<\/p>\n<h2>Recognition of Educational Activities<\/h2>\n<p style=\"text-align: left;\">The Association of General Practitioners of Montreal, under the umbrella accreditation of the FMOQ, recognizes <strong>3.00 hours<\/strong> of <strong><em>category 1 <\/em><\/strong>credits for participants in this activity. FMOQ number to retrieve your certificate: <strong>88798<\/strong>.<\/p>\n","protected":false},"excerpt":{"rendered":"<p>Registration IT IS IMPORTANT TO REGISTER ONLINE TO ATTEND THE IN-PERSON TRAINING.\u00a0 Technical support cannot be guaranteed within 24 hours of the conference date. We kindly ask you to register in advance to ensure smooth participation in the event. AMOM recommends that all participants adhere to provincial health guidelines related to the COVID-19 pandemic. Participants [&hellip;]<\/p>\n","protected":false},"author":590,"featured_media":5140,"comment_status":"open","ping_status":"closed","template":"","meta":{"_acf_changed":false},"product_brand":[],"product_cat":[91],"product_tag":[],"class_list":{"0":"post-2723648","1":"product","2":"type-product","3":"status-publish","4":"has-post-thumbnail","6":"arrondissement-hochelaga-mercier-ouest-rosemont-en","7":"presence-on-site","8":"product_cat-cme-activity","10":"first","11":"instock","12":"sold-individually","13":"taxable","14":"shipping-taxable","15":"purchasable","16":"product-type-simple"},"acf":[],"yoast_head":"<!-- This site is optimized with the Yoast SEO plugin v26.8 - https:\/\/yoast.com\/product\/yoast-seo-wordpress\/ -->\n<title>88798 - Le patient masqu\u00e9 - Faire la lumi\u00e8re sur les complications cardior\u00e9nales du diab\u00e8te de type-2 (CEM-291) I L&#039;apn\u00e9e du sommeil dans un contexte cardio-m\u00e9tabolique - Association des m\u00e9decins omnipraticiens de Montr\u00e9al<\/title>\n<meta name=\"robots\" content=\"index, follow, max-snippet:-1, max-image-preview:large, max-video-preview:-1\" \/>\n<link rel=\"canonical\" href=\"https:\/\/www.amom.net\/en\/formations\/le-patient-masque-faire-la-lumiere-sur-les-complications-cardiorenales-du-diabete-de-type-2-cem-291-i-lapnee-du-sommeil-dans-un-contexte-cardio-metabolique\/\" \/>\n<meta property=\"og:locale\" content=\"en_US\" \/>\n<meta property=\"og:type\" content=\"article\" \/>\n<meta property=\"og:title\" content=\"88798 - Le patient masqu\u00e9 - Faire la lumi\u00e8re sur les complications cardior\u00e9nales du diab\u00e8te de type-2 (CEM-291) I L&#039;apn\u00e9e du sommeil dans un contexte cardio-m\u00e9tabolique - Association des m\u00e9decins omnipraticiens de Montr\u00e9al\" \/>\n<meta property=\"og:description\" content=\"Registration IT IS IMPORTANT TO REGISTER ONLINE TO ATTEND THE IN-PERSON TRAINING.\u00a0 Technical support cannot be guaranteed within 24 hours of the conference date. We kindly ask you to register in advance to ensure smooth participation in the event. AMOM recommends that all participants adhere to provincial health guidelines related to the COVID-19 pandemic. Participants [&hellip;]\" \/>\n<meta property=\"og:url\" content=\"https:\/\/www.amom.net\/en\/formations\/le-patient-masque-faire-la-lumiere-sur-les-complications-cardiorenales-du-diabete-de-type-2-cem-291-i-lapnee-du-sommeil-dans-un-contexte-cardio-metabolique\/\" \/>\n<meta property=\"og:site_name\" content=\"Association des m\u00e9decins omnipraticiens de Montr\u00e9al\" \/>\n<meta property=\"article:publisher\" content=\"https:\/\/www.facebook.com\/profile.php?id=100064821276218\" \/>\n<meta property=\"article:modified_time\" content=\"2024-02-02T16:28:21+00:00\" \/>\n<meta property=\"og:image\" content=\"https:\/\/www.amom.net\/wp-content\/uploads\/2023\/11\/general.webp\" \/>\n\t<meta property=\"og:image:width\" content=\"1920\" \/>\n\t<meta property=\"og:image:height\" content=\"1280\" \/>\n\t<meta property=\"og:image:type\" content=\"image\/webp\" \/>\n<meta name=\"twitter:card\" content=\"summary_large_image\" \/>\n<meta name=\"twitter:label1\" content=\"Est. reading time\" \/>\n\t<meta name=\"twitter:data1\" content=\"2 minutes\" \/>\n<script type=\"application\/ld+json\" class=\"yoast-schema-graph\">{\"@context\":\"https:\/\/schema.org\",\"@graph\":[{\"@type\":\"WebPage\",\"@id\":\"https:\/\/www.amom.net\/en\/formations\/le-patient-masque-faire-la-lumiere-sur-les-complications-cardiorenales-du-diabete-de-type-2-cem-291-i-lapnee-du-sommeil-dans-un-contexte-cardio-metabolique\/\",\"url\":\"https:\/\/www.amom.net\/en\/formations\/le-patient-masque-faire-la-lumiere-sur-les-complications-cardiorenales-du-diabete-de-type-2-cem-291-i-lapnee-du-sommeil-dans-un-contexte-cardio-metabolique\/\",\"name\":\"88798 - Le patient masqu\u00e9 - Faire la lumi\u00e8re sur les complications cardior\u00e9nales du diab\u00e8te de type-2 (CEM-291) I L'apn\u00e9e du sommeil dans un contexte cardio-m\u00e9tabolique - Association des m\u00e9decins omnipraticiens de Montr\u00e9al\",\"isPartOf\":{\"@id\":\"https:\/\/www.amom.net\/#website\"},\"primaryImageOfPage\":{\"@id\":\"https:\/\/www.amom.net\/en\/formations\/le-patient-masque-faire-la-lumiere-sur-les-complications-cardiorenales-du-diabete-de-type-2-cem-291-i-lapnee-du-sommeil-dans-un-contexte-cardio-metabolique\/#primaryimage\"},\"image\":{\"@id\":\"https:\/\/www.amom.net\/en\/formations\/le-patient-masque-faire-la-lumiere-sur-les-complications-cardiorenales-du-diabete-de-type-2-cem-291-i-lapnee-du-sommeil-dans-un-contexte-cardio-metabolique\/#primaryimage\"},\"thumbnailUrl\":\"https:\/\/www.amom.net\/wp-content\/uploads\/2023\/11\/general.webp\",\"datePublished\":\"2023-12-20T15:45:52+00:00\",\"dateModified\":\"2024-02-02T16:28:21+00:00\",\"breadcrumb\":{\"@id\":\"https:\/\/www.amom.net\/en\/formations\/le-patient-masque-faire-la-lumiere-sur-les-complications-cardiorenales-du-diabete-de-type-2-cem-291-i-lapnee-du-sommeil-dans-un-contexte-cardio-metabolique\/#breadcrumb\"},\"inLanguage\":\"en-US\",\"potentialAction\":[{\"@type\":\"ReadAction\",\"target\":[\"https:\/\/www.amom.net\/en\/formations\/le-patient-masque-faire-la-lumiere-sur-les-complications-cardiorenales-du-diabete-de-type-2-cem-291-i-lapnee-du-sommeil-dans-un-contexte-cardio-metabolique\/\"]}]},{\"@type\":\"ImageObject\",\"inLanguage\":\"en-US\",\"@id\":\"https:\/\/www.amom.net\/en\/formations\/le-patient-masque-faire-la-lumiere-sur-les-complications-cardiorenales-du-diabete-de-type-2-cem-291-i-lapnee-du-sommeil-dans-un-contexte-cardio-metabolique\/#primaryimage\",\"url\":\"https:\/\/www.amom.net\/wp-content\/uploads\/2023\/11\/general.webp\",\"contentUrl\":\"https:\/\/www.amom.net\/wp-content\/uploads\/2023\/11\/general.webp\",\"width\":1920,\"height\":1280},{\"@type\":\"BreadcrumbList\",\"@id\":\"https:\/\/www.amom.net\/en\/formations\/le-patient-masque-faire-la-lumiere-sur-les-complications-cardiorenales-du-diabete-de-type-2-cem-291-i-lapnee-du-sommeil-dans-un-contexte-cardio-metabolique\/#breadcrumb\",\"itemListElement\":[{\"@type\":\"ListItem\",\"position\":1,\"name\":\"Accueil\",\"item\":\"https:\/\/www.amom.net\/\"},{\"@type\":\"ListItem\",\"position\":2,\"name\":\"Continuing Medical Education (CME)\",\"item\":\"https:\/\/www.amom.net\/en\/continuing-medical-education-cme\/\"},{\"@type\":\"ListItem\",\"position\":3,\"name\":\"88798 &#8211; Le patient masqu\u00e9 &#8211; Faire la lumi\u00e8re sur les complications cardior\u00e9nales du diab\u00e8te de type-2 (CEM-291) I L&#8217;apn\u00e9e du sommeil dans un contexte cardio-m\u00e9tabolique\"}]},{\"@type\":\"WebSite\",\"@id\":\"https:\/\/www.amom.net\/#website\",\"url\":\"https:\/\/www.amom.net\/\",\"name\":\"Association des m\u00e9decins omnipraticiens de Montr\u00e9al\",\"description\":\"\",\"publisher\":{\"@id\":\"https:\/\/www.amom.net\/#organization\"},\"potentialAction\":[{\"@type\":\"SearchAction\",\"target\":{\"@type\":\"EntryPoint\",\"urlTemplate\":\"https:\/\/www.amom.net\/?s={search_term_string}\"},\"query-input\":{\"@type\":\"PropertyValueSpecification\",\"valueRequired\":true,\"valueName\":\"search_term_string\"}}],\"inLanguage\":\"en-US\"},{\"@type\":\"Organization\",\"@id\":\"https:\/\/www.amom.net\/#organization\",\"name\":\"Association des m\u00e9decins omnipraticiens de Montr\u00e9al\",\"url\":\"https:\/\/www.amom.net\/\",\"logo\":{\"@type\":\"ImageObject\",\"inLanguage\":\"en-US\",\"@id\":\"https:\/\/www.amom.net\/#\/schema\/logo\/image\/\",\"url\":\"https:\/\/www.amom.net\/wp-content\/uploads\/2023\/09\/logo-amom-1.svg\",\"contentUrl\":\"https:\/\/www.amom.net\/wp-content\/uploads\/2023\/09\/logo-amom-1.svg\",\"width\":281,\"height\":129,\"caption\":\"Association des m\u00e9decins omnipraticiens de Montr\u00e9al\"},\"image\":{\"@id\":\"https:\/\/www.amom.net\/#\/schema\/logo\/image\/\"},\"sameAs\":[\"https:\/\/www.facebook.com\/profile.php?id=100064821276218\"]}]}<\/script>\n<!-- \/ Yoast SEO plugin. -->","yoast_head_json":{"title":"88798 - Le patient masqu\u00e9 - Faire la lumi\u00e8re sur les complications cardior\u00e9nales du diab\u00e8te de type-2 (CEM-291) I L'apn\u00e9e du sommeil dans un contexte cardio-m\u00e9tabolique - Association des m\u00e9decins omnipraticiens de Montr\u00e9al","robots":{"index":"index","follow":"follow","max-snippet":"max-snippet:-1","max-image-preview":"max-image-preview:large","max-video-preview":"max-video-preview:-1"},"canonical":"https:\/\/www.amom.net\/en\/formations\/le-patient-masque-faire-la-lumiere-sur-les-complications-cardiorenales-du-diabete-de-type-2-cem-291-i-lapnee-du-sommeil-dans-un-contexte-cardio-metabolique\/","og_locale":"en_US","og_type":"article","og_title":"88798 - Le patient masqu\u00e9 - Faire la lumi\u00e8re sur les complications cardior\u00e9nales du diab\u00e8te de type-2 (CEM-291) I L'apn\u00e9e du sommeil dans un contexte cardio-m\u00e9tabolique - Association des m\u00e9decins omnipraticiens de Montr\u00e9al","og_description":"Registration IT IS IMPORTANT TO REGISTER ONLINE TO ATTEND THE IN-PERSON TRAINING.\u00a0 Technical support cannot be guaranteed within 24 hours of the conference date. We kindly ask you to register in advance to ensure smooth participation in the event. AMOM recommends that all participants adhere to provincial health guidelines related to the COVID-19 pandemic. Participants [&hellip;]","og_url":"https:\/\/www.amom.net\/en\/formations\/le-patient-masque-faire-la-lumiere-sur-les-complications-cardiorenales-du-diabete-de-type-2-cem-291-i-lapnee-du-sommeil-dans-un-contexte-cardio-metabolique\/","og_site_name":"Association des m\u00e9decins omnipraticiens de Montr\u00e9al","article_publisher":"https:\/\/www.facebook.com\/profile.php?id=100064821276218","article_modified_time":"2024-02-02T16:28:21+00:00","og_image":[{"width":1920,"height":1280,"url":"https:\/\/www.amom.net\/wp-content\/uploads\/2023\/11\/general.webp","type":"image\/webp"}],"twitter_card":"summary_large_image","twitter_misc":{"Est. reading time":"2 minutes"},"schema":{"@context":"https:\/\/schema.org","@graph":[{"@type":"WebPage","@id":"https:\/\/www.amom.net\/en\/formations\/le-patient-masque-faire-la-lumiere-sur-les-complications-cardiorenales-du-diabete-de-type-2-cem-291-i-lapnee-du-sommeil-dans-un-contexte-cardio-metabolique\/","url":"https:\/\/www.amom.net\/en\/formations\/le-patient-masque-faire-la-lumiere-sur-les-complications-cardiorenales-du-diabete-de-type-2-cem-291-i-lapnee-du-sommeil-dans-un-contexte-cardio-metabolique\/","name":"88798 - Le patient masqu\u00e9 - Faire la lumi\u00e8re sur les complications cardior\u00e9nales du diab\u00e8te de type-2 (CEM-291) I L'apn\u00e9e du sommeil dans un contexte cardio-m\u00e9tabolique - Association des m\u00e9decins omnipraticiens de Montr\u00e9al","isPartOf":{"@id":"https:\/\/www.amom.net\/#website"},"primaryImageOfPage":{"@id":"https:\/\/www.amom.net\/en\/formations\/le-patient-masque-faire-la-lumiere-sur-les-complications-cardiorenales-du-diabete-de-type-2-cem-291-i-lapnee-du-sommeil-dans-un-contexte-cardio-metabolique\/#primaryimage"},"image":{"@id":"https:\/\/www.amom.net\/en\/formations\/le-patient-masque-faire-la-lumiere-sur-les-complications-cardiorenales-du-diabete-de-type-2-cem-291-i-lapnee-du-sommeil-dans-un-contexte-cardio-metabolique\/#primaryimage"},"thumbnailUrl":"https:\/\/www.amom.net\/wp-content\/uploads\/2023\/11\/general.webp","datePublished":"2023-12-20T15:45:52+00:00","dateModified":"2024-02-02T16:28:21+00:00","breadcrumb":{"@id":"https:\/\/www.amom.net\/en\/formations\/le-patient-masque-faire-la-lumiere-sur-les-complications-cardiorenales-du-diabete-de-type-2-cem-291-i-lapnee-du-sommeil-dans-un-contexte-cardio-metabolique\/#breadcrumb"},"inLanguage":"en-US","potentialAction":[{"@type":"ReadAction","target":["https:\/\/www.amom.net\/en\/formations\/le-patient-masque-faire-la-lumiere-sur-les-complications-cardiorenales-du-diabete-de-type-2-cem-291-i-lapnee-du-sommeil-dans-un-contexte-cardio-metabolique\/"]}]},{"@type":"ImageObject","inLanguage":"en-US","@id":"https:\/\/www.amom.net\/en\/formations\/le-patient-masque-faire-la-lumiere-sur-les-complications-cardiorenales-du-diabete-de-type-2-cem-291-i-lapnee-du-sommeil-dans-un-contexte-cardio-metabolique\/#primaryimage","url":"https:\/\/www.amom.net\/wp-content\/uploads\/2023\/11\/general.webp","contentUrl":"https:\/\/www.amom.net\/wp-content\/uploads\/2023\/11\/general.webp","width":1920,"height":1280},{"@type":"BreadcrumbList","@id":"https:\/\/www.amom.net\/en\/formations\/le-patient-masque-faire-la-lumiere-sur-les-complications-cardiorenales-du-diabete-de-type-2-cem-291-i-lapnee-du-sommeil-dans-un-contexte-cardio-metabolique\/#breadcrumb","itemListElement":[{"@type":"ListItem","position":1,"name":"Accueil","item":"https:\/\/www.amom.net\/"},{"@type":"ListItem","position":2,"name":"Continuing Medical Education (CME)","item":"https:\/\/www.amom.net\/en\/continuing-medical-education-cme\/"},{"@type":"ListItem","position":3,"name":"88798 &#8211; Le patient masqu\u00e9 &#8211; Faire la lumi\u00e8re sur les complications cardior\u00e9nales du diab\u00e8te de type-2 (CEM-291) I L&#8217;apn\u00e9e du sommeil dans un contexte cardio-m\u00e9tabolique"}]},{"@type":"WebSite","@id":"https:\/\/www.amom.net\/#website","url":"https:\/\/www.amom.net\/","name":"Association des m\u00e9decins omnipraticiens de Montr\u00e9al","description":"","publisher":{"@id":"https:\/\/www.amom.net\/#organization"},"potentialAction":[{"@type":"SearchAction","target":{"@type":"EntryPoint","urlTemplate":"https:\/\/www.amom.net\/?s={search_term_string}"},"query-input":{"@type":"PropertyValueSpecification","valueRequired":true,"valueName":"search_term_string"}}],"inLanguage":"en-US"},{"@type":"Organization","@id":"https:\/\/www.amom.net\/#organization","name":"Association des m\u00e9decins omnipraticiens de Montr\u00e9al","url":"https:\/\/www.amom.net\/","logo":{"@type":"ImageObject","inLanguage":"en-US","@id":"https:\/\/www.amom.net\/#\/schema\/logo\/image\/","url":"https:\/\/www.amom.net\/wp-content\/uploads\/2023\/09\/logo-amom-1.svg","contentUrl":"https:\/\/www.amom.net\/wp-content\/uploads\/2023\/09\/logo-amom-1.svg","width":281,"height":129,"caption":"Association des m\u00e9decins omnipraticiens de Montr\u00e9al"},"image":{"@id":"https:\/\/www.amom.net\/#\/schema\/logo\/image\/"},"sameAs":["https:\/\/www.facebook.com\/profile.php?id=100064821276218"]}]}},"_links":{"self":[{"href":"https:\/\/www.amom.net\/en\/wp-json\/wp\/v2\/product\/2723648","targetHints":{"allow":["GET"]}}],"collection":[{"href":"https:\/\/www.amom.net\/en\/wp-json\/wp\/v2\/product"}],"about":[{"href":"https:\/\/www.amom.net\/en\/wp-json\/wp\/v2\/types\/product"}],"author":[{"embeddable":true,"href":"https:\/\/www.amom.net\/en\/wp-json\/wp\/v2\/users\/590"}],"replies":[{"embeddable":true,"href":"https:\/\/www.amom.net\/en\/wp-json\/wp\/v2\/comments?post=2723648"}],"wp:featuredmedia":[{"embeddable":true,"href":"https:\/\/www.amom.net\/en\/wp-json\/wp\/v2\/media\/5140"}],"wp:attachment":[{"href":"https:\/\/www.amom.net\/en\/wp-json\/wp\/v2\/media?parent=2723648"}],"wp:term":[{"taxonomy":"product_brand","embeddable":true,"href":"https:\/\/www.amom.net\/en\/wp-json\/wp\/v2\/product_brand?post=2723648"},{"taxonomy":"product_cat","embeddable":true,"href":"https:\/\/www.amom.net\/en\/wp-json\/wp\/v2\/product_cat?post=2723648"},{"taxonomy":"product_tag","embeddable":true,"href":"https:\/\/www.amom.net\/en\/wp-json\/wp\/v2\/product_tag?post=2723648"}],"curies":[{"name":"wp","href":"https:\/\/api.w.org\/{rel}","templated":true}]}}