{"id":2728278,"date":"2024-04-05T15:46:14","date_gmt":"2024-04-05T19:46:14","guid":{"rendered":"https:\/\/www.amom.net\/?post_type=product&#038;p=2728278"},"modified":"2024-05-21T07:56:04","modified_gmt":"2024-05-21T11:56:04","slug":"90218-vaincre-lepidemie-silencieuse-intervention-en-premiere-ligne-pour-prevenir-les-crises-pulmonaires-chez-les-patients-atteints-de-mpoc","status":"publish","type":"product","link":"https:\/\/www.amom.net\/en\/formations\/90218-vaincre-lepidemie-silencieuse-intervention-en-premiere-ligne-pour-prevenir-les-crises-pulmonaires-chez-les-patients-atteints-de-mpoc\/","title":{"rendered":"90218 &#8211; Vaincre l&#8217;\u00e9pid\u00e9mie silencieuse: Intervention en premi\u00e8re ligne pour pr\u00e9venir les crises pulmonaires chez les patients atteints de MPOC"},"content":{"rendered":"<h2>Registration<\/h2>\n<p style=\"text-align: left;\">IT IS IMPORTANT TO REGISTER ONLINE TO ATTEND THE IN-PERSON TRAINING.<\/p>\n<p style=\"text-align: left;\"><em><strong>Technical support cannot be guaranteed within 24 hours of the conference date. We kindly ask you to register in advance to ensure smooth participation in the event.<\/strong><\/em><\/p>\n<h2>Consent<\/h2>\n<p style=\"text-align: left;\">A list of attendees may be sent to the pharmaceutical company after the activity, if requested. By registering, the physician and\/or any other healthcare professional consent to their name and surname being disclosed to the pharmaceutical company.<\/p>\n<p style=\"text-align: left;\">The pharmaceutical company undertakes not to disclose this information without the participant&#8217;s consent.<\/p>\n<p style=\"text-align: left;\">If you do not wish to have your name and surname disclosed, please write to Mrs. Lyne Fontaine at <a href=\"fmc@amom.net\">fmc@amom.net<\/a>, indicating the activity number.<\/p>\n<h2>Recognition of Educational Activities<\/h2>\n<p style=\"text-align: left;\">The Association of General Practitioners of Montreal, under the umbrella accreditation of the FMOQ, recognizes <strong>3,00 hour<\/strong>\u00a0of <strong><em>category 1 <\/em><\/strong>credits for participants in this activity. FMOQ number to retrieve your certificate: <strong>90218<\/strong>.<\/p>\n","protected":false},"excerpt":{"rendered":"<p>Registration IT IS IMPORTANT TO REGISTER ONLINE TO ATTEND THE IN-PERSON TRAINING. Technical support cannot be guaranteed within 24 hours of the conference date. We kindly ask you to register in advance to ensure smooth participation in the event. Consent A list of attendees may be sent to the pharmaceutical company after the activity, if [&hellip;]<\/p>\n","protected":false},"author":590,"featured_media":2728288,"comment_status":"closed","ping_status":"closed","template":"","meta":{"_acf_changed":false},"product_brand":[],"product_cat":[91],"product_tag":[],"class_list":{"0":"post-2728278","1":"product","2":"type-product","3":"status-publish","4":"has-post-thumbnail","6":"arrondissement-dorval-lachine-lasalle-en","7":"arrondissement-hochelaga-mercier-ouest-rosemont-en","8":"presence-on-site","9":"product_cat-cme-activity","11":"first","12":"instock","13":"sold-individually","14":"taxable","15":"shipping-taxable","16":"purchasable","17":"product-type-simple"},"acf":[],"yoast_head":"<!-- This site is optimized with the Yoast SEO plugin v27.5 - https:\/\/yoast.com\/product\/yoast-seo-wordpress\/ -->\n<title>90218 - Vaincre l&#039;\u00e9pid\u00e9mie silencieuse: Intervention en premi\u00e8re ligne pour pr\u00e9venir les crises pulmonaires chez les patients atteints de MPOC - Association des m\u00e9decins omnipraticiens de Montr\u00e9al<\/title>\n<meta name=\"robots\" content=\"index, follow, max-snippet:-1, max-image-preview:large, max-video-preview:-1\" \/>\n<link rel=\"canonical\" href=\"https:\/\/www.amom.net\/en\/formations\/90218-vaincre-lepidemie-silencieuse-intervention-en-premiere-ligne-pour-prevenir-les-crises-pulmonaires-chez-les-patients-atteints-de-mpoc\/\" \/>\n<meta property=\"og:locale\" content=\"en_US\" \/>\n<meta property=\"og:type\" content=\"article\" \/>\n<meta property=\"og:title\" content=\"90218 - Vaincre l&#039;\u00e9pid\u00e9mie silencieuse: Intervention en premi\u00e8re ligne pour pr\u00e9venir les crises pulmonaires chez les patients atteints de MPOC - Association des m\u00e9decins omnipraticiens de Montr\u00e9al\" \/>\n<meta property=\"og:description\" content=\"Registration IT IS IMPORTANT TO REGISTER ONLINE TO ATTEND THE IN-PERSON TRAINING. Technical support cannot be guaranteed within 24 hours of the conference date. We kindly ask you to register in advance to ensure smooth participation in the event. Consent A list of attendees may be sent to the pharmaceutical company after the activity, if [&hellip;]\" \/>\n<meta property=\"og:url\" content=\"https:\/\/www.amom.net\/en\/formations\/90218-vaincre-lepidemie-silencieuse-intervention-en-premiere-ligne-pour-prevenir-les-crises-pulmonaires-chez-les-patients-atteints-de-mpoc\/\" \/>\n<meta property=\"og:site_name\" content=\"Association des m\u00e9decins omnipraticiens de Montr\u00e9al\" \/>\n<meta property=\"article:publisher\" content=\"https:\/\/www.facebook.com\/profile.php?id=100064821276218\" \/>\n<meta property=\"article:modified_time\" content=\"2024-05-21T11:56:04+00:00\" \/>\n<meta property=\"og:image\" content=\"https:\/\/www.amom.net\/wp-content\/uploads\/2024\/04\/coeur-poumon-3d-mpoc-min-scaled.jpg\" \/>\n\t<meta property=\"og:image:width\" content=\"2560\" \/>\n\t<meta property=\"og:image:height\" content=\"2268\" \/>\n\t<meta property=\"og:image:type\" content=\"image\/jpeg\" \/>\n<meta name=\"twitter:card\" content=\"summary_large_image\" \/>\n<meta name=\"twitter:label1\" content=\"Est. reading time\" \/>\n\t<meta name=\"twitter:data1\" content=\"1 minute\" \/>\n<script type=\"application\/ld+json\" class=\"yoast-schema-graph\">{\"@context\":\"https:\\\/\\\/schema.org\",\"@graph\":[{\"@type\":\"WebPage\",\"@id\":\"https:\\\/\\\/www.amom.net\\\/en\\\/formations\\\/90218-vaincre-lepidemie-silencieuse-intervention-en-premiere-ligne-pour-prevenir-les-crises-pulmonaires-chez-les-patients-atteints-de-mpoc\\\/\",\"url\":\"https:\\\/\\\/www.amom.net\\\/en\\\/formations\\\/90218-vaincre-lepidemie-silencieuse-intervention-en-premiere-ligne-pour-prevenir-les-crises-pulmonaires-chez-les-patients-atteints-de-mpoc\\\/\",\"name\":\"90218 - Vaincre l'\u00e9pid\u00e9mie silencieuse: Intervention en premi\u00e8re ligne pour pr\u00e9venir les crises pulmonaires chez les patients atteints de MPOC - Association des m\u00e9decins omnipraticiens de Montr\u00e9al\",\"isPartOf\":{\"@id\":\"https:\\\/\\\/www.amom.net\\\/#website\"},\"primaryImageOfPage\":{\"@id\":\"https:\\\/\\\/www.amom.net\\\/en\\\/formations\\\/90218-vaincre-lepidemie-silencieuse-intervention-en-premiere-ligne-pour-prevenir-les-crises-pulmonaires-chez-les-patients-atteints-de-mpoc\\\/#primaryimage\"},\"image\":{\"@id\":\"https:\\\/\\\/www.amom.net\\\/en\\\/formations\\\/90218-vaincre-lepidemie-silencieuse-intervention-en-premiere-ligne-pour-prevenir-les-crises-pulmonaires-chez-les-patients-atteints-de-mpoc\\\/#primaryimage\"},\"thumbnailUrl\":\"https:\\\/\\\/www.amom.net\\\/wp-content\\\/uploads\\\/2024\\\/04\\\/coeur-poumon-3d-mpoc-min-scaled.jpg\",\"datePublished\":\"2024-04-05T19:46:14+00:00\",\"dateModified\":\"2024-05-21T11:56:04+00:00\",\"breadcrumb\":{\"@id\":\"https:\\\/\\\/www.amom.net\\\/en\\\/formations\\\/90218-vaincre-lepidemie-silencieuse-intervention-en-premiere-ligne-pour-prevenir-les-crises-pulmonaires-chez-les-patients-atteints-de-mpoc\\\/#breadcrumb\"},\"inLanguage\":\"en-US\",\"potentialAction\":[{\"@type\":\"ReadAction\",\"target\":[\"https:\\\/\\\/www.amom.net\\\/en\\\/formations\\\/90218-vaincre-lepidemie-silencieuse-intervention-en-premiere-ligne-pour-prevenir-les-crises-pulmonaires-chez-les-patients-atteints-de-mpoc\\\/\"]}]},{\"@type\":\"ImageObject\",\"inLanguage\":\"en-US\",\"@id\":\"https:\\\/\\\/www.amom.net\\\/en\\\/formations\\\/90218-vaincre-lepidemie-silencieuse-intervention-en-premiere-ligne-pour-prevenir-les-crises-pulmonaires-chez-les-patients-atteints-de-mpoc\\\/#primaryimage\",\"url\":\"https:\\\/\\\/www.amom.net\\\/wp-content\\\/uploads\\\/2024\\\/04\\\/coeur-poumon-3d-mpoc-min-scaled.jpg\",\"contentUrl\":\"https:\\\/\\\/www.amom.net\\\/wp-content\\\/uploads\\\/2024\\\/04\\\/coeur-poumon-3d-mpoc-min-scaled.jpg\",\"width\":2560,\"height\":2268},{\"@type\":\"BreadcrumbList\",\"@id\":\"https:\\\/\\\/www.amom.net\\\/en\\\/formations\\\/90218-vaincre-lepidemie-silencieuse-intervention-en-premiere-ligne-pour-prevenir-les-crises-pulmonaires-chez-les-patients-atteints-de-mpoc\\\/#breadcrumb\",\"itemListElement\":[{\"@type\":\"ListItem\",\"position\":1,\"name\":\"Accueil\",\"item\":\"https:\\\/\\\/www.amom.net\\\/\"},{\"@type\":\"ListItem\",\"position\":2,\"name\":\"Continuing Medical Education (CME)\",\"item\":\"https:\\\/\\\/www.amom.net\\\/en\\\/continuing-medical-education-cme\\\/\"},{\"@type\":\"ListItem\",\"position\":3,\"name\":\"90218 &#8211; Vaincre l&#8217;\u00e9pid\u00e9mie silencieuse: Intervention en premi\u00e8re ligne pour pr\u00e9venir les crises pulmonaires chez les patients atteints de MPOC\"}]},{\"@type\":\"WebSite\",\"@id\":\"https:\\\/\\\/www.amom.net\\\/#website\",\"url\":\"https:\\\/\\\/www.amom.net\\\/\",\"name\":\"Association des m\u00e9decins omnipraticiens de Montr\u00e9al\",\"description\":\"\",\"publisher\":{\"@id\":\"https:\\\/\\\/www.amom.net\\\/#organization\"},\"potentialAction\":[{\"@type\":\"SearchAction\",\"target\":{\"@type\":\"EntryPoint\",\"urlTemplate\":\"https:\\\/\\\/www.amom.net\\\/?s={search_term_string}\"},\"query-input\":{\"@type\":\"PropertyValueSpecification\",\"valueRequired\":true,\"valueName\":\"search_term_string\"}}],\"inLanguage\":\"en-US\"},{\"@type\":\"Organization\",\"@id\":\"https:\\\/\\\/www.amom.net\\\/#organization\",\"name\":\"Association des m\u00e9decins omnipraticiens de Montr\u00e9al\",\"url\":\"https:\\\/\\\/www.amom.net\\\/\",\"logo\":{\"@type\":\"ImageObject\",\"inLanguage\":\"en-US\",\"@id\":\"https:\\\/\\\/www.amom.net\\\/#\\\/schema\\\/logo\\\/image\\\/\",\"url\":\"https:\\\/\\\/www.amom.net\\\/wp-content\\\/uploads\\\/2023\\\/09\\\/logo-amom-1.svg\",\"contentUrl\":\"https:\\\/\\\/www.amom.net\\\/wp-content\\\/uploads\\\/2023\\\/09\\\/logo-amom-1.svg\",\"width\":281,\"height\":129,\"caption\":\"Association des m\u00e9decins omnipraticiens de Montr\u00e9al\"},\"image\":{\"@id\":\"https:\\\/\\\/www.amom.net\\\/#\\\/schema\\\/logo\\\/image\\\/\"},\"sameAs\":[\"https:\\\/\\\/www.facebook.com\\\/profile.php?id=100064821276218\"]}]}<\/script>\n<!-- \/ Yoast SEO plugin. -->","yoast_head_json":{"title":"90218 - Vaincre l'\u00e9pid\u00e9mie silencieuse: Intervention en premi\u00e8re ligne pour pr\u00e9venir les crises pulmonaires chez les patients atteints de MPOC - Association des m\u00e9decins omnipraticiens de Montr\u00e9al","robots":{"index":"index","follow":"follow","max-snippet":"max-snippet:-1","max-image-preview":"max-image-preview:large","max-video-preview":"max-video-preview:-1"},"canonical":"https:\/\/www.amom.net\/en\/formations\/90218-vaincre-lepidemie-silencieuse-intervention-en-premiere-ligne-pour-prevenir-les-crises-pulmonaires-chez-les-patients-atteints-de-mpoc\/","og_locale":"en_US","og_type":"article","og_title":"90218 - Vaincre l'\u00e9pid\u00e9mie silencieuse: Intervention en premi\u00e8re ligne pour pr\u00e9venir les crises pulmonaires chez les patients atteints de MPOC - Association des m\u00e9decins omnipraticiens de Montr\u00e9al","og_description":"Registration IT IS IMPORTANT TO REGISTER ONLINE TO ATTEND THE IN-PERSON TRAINING. Technical support cannot be guaranteed within 24 hours of the conference date. We kindly ask you to register in advance to ensure smooth participation in the event. Consent A list of attendees may be sent to the pharmaceutical company after the activity, if [&hellip;]","og_url":"https:\/\/www.amom.net\/en\/formations\/90218-vaincre-lepidemie-silencieuse-intervention-en-premiere-ligne-pour-prevenir-les-crises-pulmonaires-chez-les-patients-atteints-de-mpoc\/","og_site_name":"Association des m\u00e9decins omnipraticiens de Montr\u00e9al","article_publisher":"https:\/\/www.facebook.com\/profile.php?id=100064821276218","article_modified_time":"2024-05-21T11:56:04+00:00","og_image":[{"width":2560,"height":2268,"url":"https:\/\/www.amom.net\/wp-content\/uploads\/2024\/04\/coeur-poumon-3d-mpoc-min-scaled.jpg","type":"image\/jpeg"}],"twitter_card":"summary_large_image","twitter_misc":{"Est. reading time":"1 minute"},"schema":{"@context":"https:\/\/schema.org","@graph":[{"@type":"WebPage","@id":"https:\/\/www.amom.net\/en\/formations\/90218-vaincre-lepidemie-silencieuse-intervention-en-premiere-ligne-pour-prevenir-les-crises-pulmonaires-chez-les-patients-atteints-de-mpoc\/","url":"https:\/\/www.amom.net\/en\/formations\/90218-vaincre-lepidemie-silencieuse-intervention-en-premiere-ligne-pour-prevenir-les-crises-pulmonaires-chez-les-patients-atteints-de-mpoc\/","name":"90218 - Vaincre l'\u00e9pid\u00e9mie silencieuse: Intervention en premi\u00e8re ligne pour pr\u00e9venir les crises pulmonaires chez les patients atteints de MPOC - Association des m\u00e9decins omnipraticiens de Montr\u00e9al","isPartOf":{"@id":"https:\/\/www.amom.net\/#website"},"primaryImageOfPage":{"@id":"https:\/\/www.amom.net\/en\/formations\/90218-vaincre-lepidemie-silencieuse-intervention-en-premiere-ligne-pour-prevenir-les-crises-pulmonaires-chez-les-patients-atteints-de-mpoc\/#primaryimage"},"image":{"@id":"https:\/\/www.amom.net\/en\/formations\/90218-vaincre-lepidemie-silencieuse-intervention-en-premiere-ligne-pour-prevenir-les-crises-pulmonaires-chez-les-patients-atteints-de-mpoc\/#primaryimage"},"thumbnailUrl":"https:\/\/www.amom.net\/wp-content\/uploads\/2024\/04\/coeur-poumon-3d-mpoc-min-scaled.jpg","datePublished":"2024-04-05T19:46:14+00:00","dateModified":"2024-05-21T11:56:04+00:00","breadcrumb":{"@id":"https:\/\/www.amom.net\/en\/formations\/90218-vaincre-lepidemie-silencieuse-intervention-en-premiere-ligne-pour-prevenir-les-crises-pulmonaires-chez-les-patients-atteints-de-mpoc\/#breadcrumb"},"inLanguage":"en-US","potentialAction":[{"@type":"ReadAction","target":["https:\/\/www.amom.net\/en\/formations\/90218-vaincre-lepidemie-silencieuse-intervention-en-premiere-ligne-pour-prevenir-les-crises-pulmonaires-chez-les-patients-atteints-de-mpoc\/"]}]},{"@type":"ImageObject","inLanguage":"en-US","@id":"https:\/\/www.amom.net\/en\/formations\/90218-vaincre-lepidemie-silencieuse-intervention-en-premiere-ligne-pour-prevenir-les-crises-pulmonaires-chez-les-patients-atteints-de-mpoc\/#primaryimage","url":"https:\/\/www.amom.net\/wp-content\/uploads\/2024\/04\/coeur-poumon-3d-mpoc-min-scaled.jpg","contentUrl":"https:\/\/www.amom.net\/wp-content\/uploads\/2024\/04\/coeur-poumon-3d-mpoc-min-scaled.jpg","width":2560,"height":2268},{"@type":"BreadcrumbList","@id":"https:\/\/www.amom.net\/en\/formations\/90218-vaincre-lepidemie-silencieuse-intervention-en-premiere-ligne-pour-prevenir-les-crises-pulmonaires-chez-les-patients-atteints-de-mpoc\/#breadcrumb","itemListElement":[{"@type":"ListItem","position":1,"name":"Accueil","item":"https:\/\/www.amom.net\/"},{"@type":"ListItem","position":2,"name":"Continuing Medical Education (CME)","item":"https:\/\/www.amom.net\/en\/continuing-medical-education-cme\/"},{"@type":"ListItem","position":3,"name":"90218 &#8211; Vaincre l&#8217;\u00e9pid\u00e9mie silencieuse: Intervention en premi\u00e8re ligne pour pr\u00e9venir les crises pulmonaires chez les patients atteints de MPOC"}]},{"@type":"WebSite","@id":"https:\/\/www.amom.net\/#website","url":"https:\/\/www.amom.net\/","name":"Association des m\u00e9decins omnipraticiens de Montr\u00e9al","description":"","publisher":{"@id":"https:\/\/www.amom.net\/#organization"},"potentialAction":[{"@type":"SearchAction","target":{"@type":"EntryPoint","urlTemplate":"https:\/\/www.amom.net\/?s={search_term_string}"},"query-input":{"@type":"PropertyValueSpecification","valueRequired":true,"valueName":"search_term_string"}}],"inLanguage":"en-US"},{"@type":"Organization","@id":"https:\/\/www.amom.net\/#organization","name":"Association des m\u00e9decins omnipraticiens de Montr\u00e9al","url":"https:\/\/www.amom.net\/","logo":{"@type":"ImageObject","inLanguage":"en-US","@id":"https:\/\/www.amom.net\/#\/schema\/logo\/image\/","url":"https:\/\/www.amom.net\/wp-content\/uploads\/2023\/09\/logo-amom-1.svg","contentUrl":"https:\/\/www.amom.net\/wp-content\/uploads\/2023\/09\/logo-amom-1.svg","width":281,"height":129,"caption":"Association des m\u00e9decins omnipraticiens de Montr\u00e9al"},"image":{"@id":"https:\/\/www.amom.net\/#\/schema\/logo\/image\/"},"sameAs":["https:\/\/www.facebook.com\/profile.php?id=100064821276218"]}]}},"_links":{"self":[{"href":"https:\/\/www.amom.net\/en\/wp-json\/wp\/v2\/product\/2728278","targetHints":{"allow":["GET"]}}],"collection":[{"href":"https:\/\/www.amom.net\/en\/wp-json\/wp\/v2\/product"}],"about":[{"href":"https:\/\/www.amom.net\/en\/wp-json\/wp\/v2\/types\/product"}],"author":[{"embeddable":true,"href":"https:\/\/www.amom.net\/en\/wp-json\/wp\/v2\/users\/590"}],"replies":[{"embeddable":true,"href":"https:\/\/www.amom.net\/en\/wp-json\/wp\/v2\/comments?post=2728278"}],"wp:featuredmedia":[{"embeddable":true,"href":"https:\/\/www.amom.net\/en\/wp-json\/wp\/v2\/media\/2728288"}],"wp:attachment":[{"href":"https:\/\/www.amom.net\/en\/wp-json\/wp\/v2\/media?parent=2728278"}],"wp:term":[{"taxonomy":"product_brand","embeddable":true,"href":"https:\/\/www.amom.net\/en\/wp-json\/wp\/v2\/product_brand?post=2728278"},{"taxonomy":"product_cat","embeddable":true,"href":"https:\/\/www.amom.net\/en\/wp-json\/wp\/v2\/product_cat?post=2728278"},{"taxonomy":"product_tag","embeddable":true,"href":"https:\/\/www.amom.net\/en\/wp-json\/wp\/v2\/product_tag?post=2728278"}],"curies":[{"name":"wp","href":"https:\/\/api.w.org\/{rel}","templated":true}]}}