{"id":2742174,"date":"2025-06-17T17:03:24","date_gmt":"2025-06-17T21:03:24","guid":{"rendered":"https:\/\/www.amom.net\/?post_type=product&#038;p=2742174"},"modified":"2025-09-17T08:28:39","modified_gmt":"2025-09-17T12:28:39","slug":"95884-soiree-sur-la-migraine-cem-299-les-infections-a-pneumocoque-cem-302","status":"publish","type":"product","link":"https:\/\/www.amom.net\/en\/formations\/95884-soiree-sur-la-migraine-cem-299-les-infections-a-pneumocoque-cem-302\/","title":{"rendered":"95884 &#8211; Soir\u00e9e sur la  Migraine (CEM-299) | Les infections \u00e0 pneumocoque (CEM-302)"},"content":{"rendered":"<h2>Registration<\/h2>\n<p style=\"text-align: left;\"><strong>ONLINE REGISTRATION <\/strong>and<strong> SIGNING <\/strong>the<strong> ATTENDANCE LIST <\/strong>are<strong> <em>REQUIRED<\/em> <\/strong>to receive your training <strong>credits<\/strong> (certificate).\u00a0 If you don\u2019t have an online account yet, you\u2019ll need to create one.<\/p>\n<p style=\"text-align: left;\">Since the account creation is done on the AMOM website, please make sure to select the correct option in the drop-down menu (<strong>&#8220;Member&#8221; or &#8220;Non-Member&#8221;<\/strong>) and complete the form.<br \/>\nAlso, ensure that you add your practice number to your profile so that we can record your attendance.<\/p>\n<p style=\"text-align: left;\">Once your account is created, you can proceed with your registration.<\/p>\n<p style=\"text-align: left;\">Technical support cannot be guaranteed within 24 hours of the conference date. We kindly ask you to register in advance to ensure smooth participation in the event.<\/p>\n<h2>Consent<\/h2>\n<p style=\"text-align: left;\">A list of attendees may be sent to the pharmaceutical company after the activity, if requested. By registering, the physician and\/or any other healthcare professional consent to their name and surname being disclosed to the pharmaceutical company.<\/p>\n<p style=\"text-align: left;\">The pharmaceutical company undertakes not to disclose this information without the participant&#8217;s consent.<\/p>\n<p style=\"text-align: left;\">If you do not wish to have your name and surname disclosed, please write to Mrs. Lyne Fontaine at <a href=\"fmc@amom.net\">fmc@amom.net<\/a>, indicating the activity number.<\/p>\n<h2>Recognition of Educational Activities<\/h2>\n<p style=\"text-align: left;\">The Association of General Practitioners of Montreal, under the umbrella accreditation of the FMOQ, recognizes <strong>3,00 hour<\/strong>\u00a0of <em>category 1 <\/em>credits for participants in this activity. FMOQ number to retrieve your certificate: <strong>95884<\/strong>.<\/p>\n","protected":false},"excerpt":{"rendered":"<p>Registration ONLINE REGISTRATION and SIGNING the ATTENDANCE LIST are REQUIRED to receive your training credits (certificate).\u00a0 If you don\u2019t have an online account yet, you\u2019ll need to create one. Since the account creation is done on the AMOM website, please make sure to select the correct option in the drop-down menu (&#8220;Member&#8221; or &#8220;Non-Member&#8221;) and [&hellip;]<\/p>\n","protected":false},"author":590,"featured_media":2742190,"comment_status":"closed","ping_status":"closed","template":"","meta":{"_acf_changed":false},"product_brand":[],"product_cat":[91],"product_tag":[],"class_list":{"0":"post-2742174","1":"product","2":"type-product","3":"status-publish","4":"has-post-thumbnail","6":"arrondissement-ciusss-of-the-north-of-the-island-of-montreal","7":"presence-on-site","8":"product_cat-cme-activity","10":"first","11":"instock","12":"sold-individually","13":"taxable","14":"shipping-taxable","15":"purchasable","16":"product-type-simple"},"acf":[],"yoast_head":"<!-- This site is optimized with the Yoast SEO plugin v26.8 - https:\/\/yoast.com\/product\/yoast-seo-wordpress\/ -->\n<title>95884 - Soir\u00e9e sur la Migraine (CEM-299) | Les infections \u00e0 pneumocoque (CEM-302) - Association des m\u00e9decins omnipraticiens de Montr\u00e9al<\/title>\n<meta name=\"robots\" content=\"index, follow, max-snippet:-1, max-image-preview:large, max-video-preview:-1\" \/>\n<link rel=\"canonical\" href=\"https:\/\/www.amom.net\/en\/formations\/95884-soiree-sur-la-migraine-cem-299-les-infections-a-pneumocoque-cem-302\/\" \/>\n<meta property=\"og:locale\" content=\"en_US\" \/>\n<meta property=\"og:type\" content=\"article\" \/>\n<meta property=\"og:title\" content=\"95884 - Soir\u00e9e sur la Migraine (CEM-299) | Les infections \u00e0 pneumocoque (CEM-302) - Association des m\u00e9decins omnipraticiens de Montr\u00e9al\" \/>\n<meta property=\"og:description\" content=\"Registration ONLINE REGISTRATION and SIGNING the ATTENDANCE LIST are REQUIRED to receive your training credits (certificate).\u00a0 If you don\u2019t have an online account yet, you\u2019ll need to create one. Since the account creation is done on the AMOM website, please make sure to select the correct option in the drop-down menu (&#8220;Member&#8221; or &#8220;Non-Member&#8221;) and [&hellip;]\" \/>\n<meta property=\"og:url\" content=\"https:\/\/www.amom.net\/en\/formations\/95884-soiree-sur-la-migraine-cem-299-les-infections-a-pneumocoque-cem-302\/\" \/>\n<meta property=\"og:site_name\" content=\"Association des m\u00e9decins omnipraticiens de Montr\u00e9al\" \/>\n<meta property=\"article:publisher\" content=\"https:\/\/www.facebook.com\/profile.php?id=100064821276218\" \/>\n<meta property=\"article:modified_time\" content=\"2025-09-17T12:28:39+00:00\" \/>\n<meta property=\"og:image\" content=\"https:\/\/www.amom.net\/wp-content\/uploads\/2025\/06\/Poumon-migraine-min.png\" \/>\n\t<meta property=\"og:image:width\" content=\"889\" \/>\n\t<meta property=\"og:image:height\" content=\"1010\" \/>\n\t<meta property=\"og:image:type\" content=\"image\/png\" \/>\n<meta name=\"twitter:card\" content=\"summary_large_image\" \/>\n<meta name=\"twitter:label1\" content=\"Est. reading time\" \/>\n\t<meta name=\"twitter:data1\" content=\"2 minutes\" \/>\n<script type=\"application\/ld+json\" class=\"yoast-schema-graph\">{\"@context\":\"https:\/\/schema.org\",\"@graph\":[{\"@type\":\"WebPage\",\"@id\":\"https:\/\/www.amom.net\/en\/formations\/95884-soiree-sur-la-migraine-cem-299-les-infections-a-pneumocoque-cem-302\/\",\"url\":\"https:\/\/www.amom.net\/en\/formations\/95884-soiree-sur-la-migraine-cem-299-les-infections-a-pneumocoque-cem-302\/\",\"name\":\"95884 - Soir\u00e9e sur la Migraine (CEM-299) | Les infections \u00e0 pneumocoque (CEM-302) - Association des m\u00e9decins omnipraticiens de Montr\u00e9al\",\"isPartOf\":{\"@id\":\"https:\/\/www.amom.net\/#website\"},\"primaryImageOfPage\":{\"@id\":\"https:\/\/www.amom.net\/en\/formations\/95884-soiree-sur-la-migraine-cem-299-les-infections-a-pneumocoque-cem-302\/#primaryimage\"},\"image\":{\"@id\":\"https:\/\/www.amom.net\/en\/formations\/95884-soiree-sur-la-migraine-cem-299-les-infections-a-pneumocoque-cem-302\/#primaryimage\"},\"thumbnailUrl\":\"https:\/\/www.amom.net\/wp-content\/uploads\/2025\/06\/Poumon-migraine-min.png\",\"datePublished\":\"2025-06-17T21:03:24+00:00\",\"dateModified\":\"2025-09-17T12:28:39+00:00\",\"breadcrumb\":{\"@id\":\"https:\/\/www.amom.net\/en\/formations\/95884-soiree-sur-la-migraine-cem-299-les-infections-a-pneumocoque-cem-302\/#breadcrumb\"},\"inLanguage\":\"en-US\",\"potentialAction\":[{\"@type\":\"ReadAction\",\"target\":[\"https:\/\/www.amom.net\/en\/formations\/95884-soiree-sur-la-migraine-cem-299-les-infections-a-pneumocoque-cem-302\/\"]}]},{\"@type\":\"ImageObject\",\"inLanguage\":\"en-US\",\"@id\":\"https:\/\/www.amom.net\/en\/formations\/95884-soiree-sur-la-migraine-cem-299-les-infections-a-pneumocoque-cem-302\/#primaryimage\",\"url\":\"https:\/\/www.amom.net\/wp-content\/uploads\/2025\/06\/Poumon-migraine-min.png\",\"contentUrl\":\"https:\/\/www.amom.net\/wp-content\/uploads\/2025\/06\/Poumon-migraine-min.png\",\"width\":889,\"height\":1010},{\"@type\":\"BreadcrumbList\",\"@id\":\"https:\/\/www.amom.net\/en\/formations\/95884-soiree-sur-la-migraine-cem-299-les-infections-a-pneumocoque-cem-302\/#breadcrumb\",\"itemListElement\":[{\"@type\":\"ListItem\",\"position\":1,\"name\":\"Accueil\",\"item\":\"https:\/\/www.amom.net\/\"},{\"@type\":\"ListItem\",\"position\":2,\"name\":\"Continuing Medical Education (CME)\",\"item\":\"https:\/\/www.amom.net\/en\/continuing-medical-education-cme\/\"},{\"@type\":\"ListItem\",\"position\":3,\"name\":\"95884 &#8211; Soir\u00e9e sur la Migraine (CEM-299) | Les infections \u00e0 pneumocoque (CEM-302)\"}]},{\"@type\":\"WebSite\",\"@id\":\"https:\/\/www.amom.net\/#website\",\"url\":\"https:\/\/www.amom.net\/\",\"name\":\"Association des m\u00e9decins omnipraticiens de Montr\u00e9al\",\"description\":\"\",\"publisher\":{\"@id\":\"https:\/\/www.amom.net\/#organization\"},\"potentialAction\":[{\"@type\":\"SearchAction\",\"target\":{\"@type\":\"EntryPoint\",\"urlTemplate\":\"https:\/\/www.amom.net\/?s={search_term_string}\"},\"query-input\":{\"@type\":\"PropertyValueSpecification\",\"valueRequired\":true,\"valueName\":\"search_term_string\"}}],\"inLanguage\":\"en-US\"},{\"@type\":\"Organization\",\"@id\":\"https:\/\/www.amom.net\/#organization\",\"name\":\"Association des m\u00e9decins omnipraticiens de Montr\u00e9al\",\"url\":\"https:\/\/www.amom.net\/\",\"logo\":{\"@type\":\"ImageObject\",\"inLanguage\":\"en-US\",\"@id\":\"https:\/\/www.amom.net\/#\/schema\/logo\/image\/\",\"url\":\"https:\/\/www.amom.net\/wp-content\/uploads\/2023\/09\/logo-amom-1.svg\",\"contentUrl\":\"https:\/\/www.amom.net\/wp-content\/uploads\/2023\/09\/logo-amom-1.svg\",\"width\":281,\"height\":129,\"caption\":\"Association des m\u00e9decins omnipraticiens de Montr\u00e9al\"},\"image\":{\"@id\":\"https:\/\/www.amom.net\/#\/schema\/logo\/image\/\"},\"sameAs\":[\"https:\/\/www.facebook.com\/profile.php?id=100064821276218\"]}]}<\/script>\n<!-- \/ Yoast SEO plugin. -->","yoast_head_json":{"title":"95884 - Soir\u00e9e sur la Migraine (CEM-299) | Les infections \u00e0 pneumocoque (CEM-302) - Association des m\u00e9decins omnipraticiens de Montr\u00e9al","robots":{"index":"index","follow":"follow","max-snippet":"max-snippet:-1","max-image-preview":"max-image-preview:large","max-video-preview":"max-video-preview:-1"},"canonical":"https:\/\/www.amom.net\/en\/formations\/95884-soiree-sur-la-migraine-cem-299-les-infections-a-pneumocoque-cem-302\/","og_locale":"en_US","og_type":"article","og_title":"95884 - Soir\u00e9e sur la Migraine (CEM-299) | Les infections \u00e0 pneumocoque (CEM-302) - Association des m\u00e9decins omnipraticiens de Montr\u00e9al","og_description":"Registration ONLINE REGISTRATION and SIGNING the ATTENDANCE LIST are REQUIRED to receive your training credits (certificate).\u00a0 If you don\u2019t have an online account yet, you\u2019ll need to create one. Since the account creation is done on the AMOM website, please make sure to select the correct option in the drop-down menu (&#8220;Member&#8221; or &#8220;Non-Member&#8221;) and [&hellip;]","og_url":"https:\/\/www.amom.net\/en\/formations\/95884-soiree-sur-la-migraine-cem-299-les-infections-a-pneumocoque-cem-302\/","og_site_name":"Association des m\u00e9decins omnipraticiens de Montr\u00e9al","article_publisher":"https:\/\/www.facebook.com\/profile.php?id=100064821276218","article_modified_time":"2025-09-17T12:28:39+00:00","og_image":[{"width":889,"height":1010,"url":"https:\/\/www.amom.net\/wp-content\/uploads\/2025\/06\/Poumon-migraine-min.png","type":"image\/png"}],"twitter_card":"summary_large_image","twitter_misc":{"Est. reading time":"2 minutes"},"schema":{"@context":"https:\/\/schema.org","@graph":[{"@type":"WebPage","@id":"https:\/\/www.amom.net\/en\/formations\/95884-soiree-sur-la-migraine-cem-299-les-infections-a-pneumocoque-cem-302\/","url":"https:\/\/www.amom.net\/en\/formations\/95884-soiree-sur-la-migraine-cem-299-les-infections-a-pneumocoque-cem-302\/","name":"95884 - Soir\u00e9e sur la Migraine (CEM-299) | Les infections \u00e0 pneumocoque (CEM-302) - Association des m\u00e9decins omnipraticiens de Montr\u00e9al","isPartOf":{"@id":"https:\/\/www.amom.net\/#website"},"primaryImageOfPage":{"@id":"https:\/\/www.amom.net\/en\/formations\/95884-soiree-sur-la-migraine-cem-299-les-infections-a-pneumocoque-cem-302\/#primaryimage"},"image":{"@id":"https:\/\/www.amom.net\/en\/formations\/95884-soiree-sur-la-migraine-cem-299-les-infections-a-pneumocoque-cem-302\/#primaryimage"},"thumbnailUrl":"https:\/\/www.amom.net\/wp-content\/uploads\/2025\/06\/Poumon-migraine-min.png","datePublished":"2025-06-17T21:03:24+00:00","dateModified":"2025-09-17T12:28:39+00:00","breadcrumb":{"@id":"https:\/\/www.amom.net\/en\/formations\/95884-soiree-sur-la-migraine-cem-299-les-infections-a-pneumocoque-cem-302\/#breadcrumb"},"inLanguage":"en-US","potentialAction":[{"@type":"ReadAction","target":["https:\/\/www.amom.net\/en\/formations\/95884-soiree-sur-la-migraine-cem-299-les-infections-a-pneumocoque-cem-302\/"]}]},{"@type":"ImageObject","inLanguage":"en-US","@id":"https:\/\/www.amom.net\/en\/formations\/95884-soiree-sur-la-migraine-cem-299-les-infections-a-pneumocoque-cem-302\/#primaryimage","url":"https:\/\/www.amom.net\/wp-content\/uploads\/2025\/06\/Poumon-migraine-min.png","contentUrl":"https:\/\/www.amom.net\/wp-content\/uploads\/2025\/06\/Poumon-migraine-min.png","width":889,"height":1010},{"@type":"BreadcrumbList","@id":"https:\/\/www.amom.net\/en\/formations\/95884-soiree-sur-la-migraine-cem-299-les-infections-a-pneumocoque-cem-302\/#breadcrumb","itemListElement":[{"@type":"ListItem","position":1,"name":"Accueil","item":"https:\/\/www.amom.net\/"},{"@type":"ListItem","position":2,"name":"Continuing Medical Education (CME)","item":"https:\/\/www.amom.net\/en\/continuing-medical-education-cme\/"},{"@type":"ListItem","position":3,"name":"95884 &#8211; Soir\u00e9e sur la Migraine (CEM-299) | Les infections \u00e0 pneumocoque (CEM-302)"}]},{"@type":"WebSite","@id":"https:\/\/www.amom.net\/#website","url":"https:\/\/www.amom.net\/","name":"Association des m\u00e9decins omnipraticiens de Montr\u00e9al","description":"","publisher":{"@id":"https:\/\/www.amom.net\/#organization"},"potentialAction":[{"@type":"SearchAction","target":{"@type":"EntryPoint","urlTemplate":"https:\/\/www.amom.net\/?s={search_term_string}"},"query-input":{"@type":"PropertyValueSpecification","valueRequired":true,"valueName":"search_term_string"}}],"inLanguage":"en-US"},{"@type":"Organization","@id":"https:\/\/www.amom.net\/#organization","name":"Association des m\u00e9decins omnipraticiens de Montr\u00e9al","url":"https:\/\/www.amom.net\/","logo":{"@type":"ImageObject","inLanguage":"en-US","@id":"https:\/\/www.amom.net\/#\/schema\/logo\/image\/","url":"https:\/\/www.amom.net\/wp-content\/uploads\/2023\/09\/logo-amom-1.svg","contentUrl":"https:\/\/www.amom.net\/wp-content\/uploads\/2023\/09\/logo-amom-1.svg","width":281,"height":129,"caption":"Association des m\u00e9decins omnipraticiens de Montr\u00e9al"},"image":{"@id":"https:\/\/www.amom.net\/#\/schema\/logo\/image\/"},"sameAs":["https:\/\/www.facebook.com\/profile.php?id=100064821276218"]}]}},"_links":{"self":[{"href":"https:\/\/www.amom.net\/en\/wp-json\/wp\/v2\/product\/2742174","targetHints":{"allow":["GET"]}}],"collection":[{"href":"https:\/\/www.amom.net\/en\/wp-json\/wp\/v2\/product"}],"about":[{"href":"https:\/\/www.amom.net\/en\/wp-json\/wp\/v2\/types\/product"}],"author":[{"embeddable":true,"href":"https:\/\/www.amom.net\/en\/wp-json\/wp\/v2\/users\/590"}],"replies":[{"embeddable":true,"href":"https:\/\/www.amom.net\/en\/wp-json\/wp\/v2\/comments?post=2742174"}],"wp:featuredmedia":[{"embeddable":true,"href":"https:\/\/www.amom.net\/en\/wp-json\/wp\/v2\/media\/2742190"}],"wp:attachment":[{"href":"https:\/\/www.amom.net\/en\/wp-json\/wp\/v2\/media?parent=2742174"}],"wp:term":[{"taxonomy":"product_brand","embeddable":true,"href":"https:\/\/www.amom.net\/en\/wp-json\/wp\/v2\/product_brand?post=2742174"},{"taxonomy":"product_cat","embeddable":true,"href":"https:\/\/www.amom.net\/en\/wp-json\/wp\/v2\/product_cat?post=2742174"},{"taxonomy":"product_tag","embeddable":true,"href":"https:\/\/www.amom.net\/en\/wp-json\/wp\/v2\/product_tag?post=2742174"}],"curies":[{"name":"wp","href":"https:\/\/api.w.org\/{rel}","templated":true}]}}